{"id":32466,"date":"2021-12-25T22:42:52","date_gmt":"2021-12-25T22:42:52","guid":{"rendered":"https:\/\/projekt2911.fala.net.pl\/?page_id=32466"},"modified":"2021-12-25T22:44:03","modified_gmt":"2021-12-25T22:44:03","slug":"wartosci","status":"publish","type":"page","link":"https:\/\/projekt2911.fala.net.pl\/pl\/wartosci\/","title":{"rendered":"Warto\u015bci"},"content":{"rendered":"<p>[et_pb_section fb_built=&#8221;1&#8243; custom_padding_last_edited=&#8221;on|phone&#8221; admin_label=&#8221;About Us&#8221; _builder_version=&#8221;4.14.4&#8243; background_color=&#8221;#F5F5F0&#8243; background_color_gradient_start=&#8221;#ffffff&#8221; background_color_gradient_end=&#8221;rgba(255,255,255,0.94)&#8221; background_color_gradient_direction=&#8221;1deg&#8221; background_size=&#8221;initial&#8221; background_position=&#8221;top_center&#8221; background_blend=&#8221;overlay&#8221; custom_margin=&#8221;-1px||||false|false&#8221; custom_margin_tablet=&#8221;&#8221; custom_margin_phone=&#8221;&#8221; custom_margin_last_edited=&#8221;on|tablet&#8221; custom_padding=&#8221;0px|0px|0px|0px|true|false&#8221; custom_padding_tablet=&#8221;104px|45px|0px|45px|false|true&#8221; custom_padding_phone=&#8221;85px|14px||14px|false|true&#8221; top_divider_color=&#8221;#F5F5F0&#8243; top_divider_flip=&#8221;horizontal|vertical&#8221; top_divider_arrangement=&#8221;above_content&#8221; hover_enabled=&#8221;0&#8243; background_color_tablet=&#8221;#F5F5F0&#8243; background_color_phone=&#8221;#F5F5F0&#8243; background_last_edited=&#8221;on|tablet&#8221; background_enable_color_tablet=&#8221;on&#8221; background_enable_color_phone=&#8221;on&#8221; background_enable_image_tablet=&#8221;off&#8221; background_enable_image_phone=&#8221;off&#8221; da_disable_devices=&#8221;off|off|off&#8221; border_width_top_tablet=&#8221;0px&#8221; border_width_top_phone=&#8221;0px&#8221; border_width_top_last_edited=&#8221;on|tablet&#8221; locked=&#8221;off&#8221; global_colors_info=&#8221;{}&#8221; theme_builder_area=&#8221;post_content&#8221; background_enable_image=&#8221;off&#8221; sticky_enabled=&#8221;0&#8243; border_color_bottom=&#8221;#293947&#8243; border_width_bottom=&#8221;16px&#8221; border_color_top=&#8221;#778087&#8243; da_is_popup=&#8221;off&#8221; da_exit_intent=&#8221;off&#8221; da_has_close=&#8221;on&#8221; da_alt_close=&#8221;off&#8221; da_dark_close=&#8221;off&#8221; da_not_modal=&#8221;on&#8221; da_is_singular=&#8221;off&#8221; da_with_loader=&#8221;off&#8221; da_has_shadow=&#8221;on&#8221;][et_pb_row custom_padding_last_edited=&#8221;on|tablet&#8221; _builder_version=&#8221;4.14.4&#8243; width=&#8221;59%&#8221; width_tablet=&#8221;100%&#8221; width_phone=&#8221;100%&#8221; width_last_edited=&#8221;on|desktop&#8221; max_width=&#8221;2312px&#8221; max_width_tablet=&#8221;526%&#8221; max_width_phone=&#8221;&#8221; max_width_last_edited=&#8221;on|tablet&#8221; module_alignment=&#8221;center&#8221; custom_margin=&#8221;3px|-110px|31px|15px|false|false&#8221; custom_padding=&#8221;0px||60px||false|false&#8221; custom_padding_tablet=&#8221;||224px||false|false&#8221; custom_padding_phone=&#8221;0px||118px||false|false&#8221; hover_enabled=&#8221;0&#8243; background_last_edited=&#8221;on|desktop&#8221; module_alignment_tablet=&#8221;&#8221; module_alignment_phone=&#8221;&#8221; module_alignment_last_edited=&#8221;on|tablet&#8221; global_colors_info=&#8221;{}&#8221; width__hover_enabled=&#8221;on|hover&#8221; width__hover=&#8221;&#8221; theme_builder_area=&#8221;post_content&#8221; sticky_enabled=&#8221;0&#8243;][et_pb_column type=&#8221;4_4&#8243; _builder_version=&#8221;4.13.0&#8243; background_color_gradient_start=&#8221;#afacaf&#8221; background_color_gradient_end=&#8221;rgba(0,0,0,0)&#8221; background_color_gradient_direction=&#8221;90deg&#8221; custom_padding=&#8221;|||16px|false|false&#8221; custom_padding_tablet=&#8221;|0px||0px|false|true&#8221; custom_padding_phone=&#8221;&#8221; custom_padding_last_edited=&#8221;on|desktop&#8221; background_last_edited=&#8221;on|tablet&#8221; use_background_color_gradient_tablet=&#8221;on&#8221; use_background_color_gradient_phone=&#8221;off&#8221; background_color_gradient_start_tablet=&#8221;rgba(0,0,0,0)&#8221; global_colors_info=&#8221;{}&#8221; custom_padding__hover=&#8221;|||&#8221; theme_builder_area=&#8221;post_content&#8221;][et_pb_text content_tablet=&#8221;<\/p>\n<h3><span style=%22color: #293947;%22><strong>Projekt<\/strong> 29:11 <strong>|<\/strong><\/span> <strong>Odkryj<\/strong><\/h3>\n<p>&#8221; content_phone=&#8221;<\/p>\n<h3 style=%22text-align: right;%22><span style=%22color: #293947;%22><strong>Projekt<\/strong> 29:11 <strong>|<\/strong><\/span> <strong>Odkryj<\/strong><\/h3>\n<p>&#8221; content_last_edited=&#8221;on|phone&#8221; module_id=&#8221;odkryj&#8221; _builder_version=&#8221;4.14.4&#8243; text_font=&#8221;Jost||||||||&#8221; text_text_color=&#8221;#293947&#8243; text_font_size=&#8221;20px&#8221; text_line_height=&#8221;1.8em&#8221; link_font=&#8221;||||||||&#8221; ul_font=&#8221;||||||||&#8221; header_font=&#8221;Jost &#8211; Light||||||||&#8221; header_text_color=&#8221;#778087&#8243; header_line_height=&#8221;2.7em&#8221; header_2_font=&#8221;Jost|500|||||||&#8221; header_2_font_size=&#8221;38px&#8221; header_3_font=&#8221;Jost &#8211; Light||||||||&#8221; header_3_text_align=&#8221;right&#8221; header_3_text_color=&#8221;#9F7A3C&#8221; header_3_font_size=&#8221;48px&#8221; header_3_letter_spacing=&#8221;3px&#8221; header_3_line_height=&#8221;2.1em&#8221; width=&#8221;100%&#8221; max_width=&#8221;100%&#8221; max_width_tablet=&#8221;100%&#8221; max_width_phone=&#8221;100%&#8221; max_width_last_edited=&#8221;off|desktop&#8221; module_alignment=&#8221;left&#8221; custom_margin=&#8221;3px||-4px||false|false&#8221; custom_margin_tablet=&#8221;3px||-4px||false|false&#8221; custom_margin_phone=&#8221;||-15px||false|false&#8221; custom_margin_last_edited=&#8221;on|phone&#8221; custom_padding=&#8221;108px|54px|0px|54px|false|true&#8221; custom_padding_tablet=&#8221;0px|42px|15px|0px||&#8221; custom_padding_phone=&#8221;0px|24px|0px|0px|false|false&#8221; custom_padding_last_edited=&#8221;on|tablet&#8221; animation_style=&#8221;fold&#8221; animation_direction=&#8221;left&#8221; animation_duration=&#8221;1900ms&#8221; animation_intensity_fold=&#8221;100%&#8221; animation_starting_opacity=&#8221;100%&#8221; animation_speed_curve=&#8221;ease-out&#8221; hover_enabled=&#8221;0&#8243; header_3_font_size_tablet=&#8221;48px&#8221; header_3_font_size_phone=&#8221;26px&#8221; header_3_font_size_last_edited=&#8221;on|phone&#8221; border_color_bottom=&#8221;#293947&#8243; inline_fonts=&#8221;Salty Feathers NAGWEK&#8221; global_colors_info=&#8221;{}&#8221; theme_builder_area=&#8221;post_content&#8221; sticky_enabled=&#8221;0&#8243;]<\/p>\n<h3 style=\"text-align: left;\"><span style=\"color: #293947;\"><strong>Projekt<\/strong> 29:11 <strong>|<\/strong><\/span> <strong>Warto\u015bci<\/strong><\/h3>\n<p>[\/et_pb_text][et_pb_divider color=&#8221;#293947&#8243; divider_position=&#8221;center&#8221; _builder_version=&#8221;4.14.4&#8243; _module_preset=&#8221;default&#8221; custom_margin=&#8221;30px||30px||true|false&#8221; custom_padding=&#8221;0px||0px||false|false&#8221; hover_enabled=&#8221;0&#8243; global_colors_info=&#8221;{}&#8221; theme_builder_area=&#8221;post_content&#8221; sticky_enabled=&#8221;0&#8243;][\/et_pb_divider][et_pb_text _builder_version=&#8221;4.14.4&#8243; text_font=&#8221;Jost &#8211; Light||||||||&#8221; text_text_color=&#8221;#293947&#8243; text_font_size=&#8221;24px&#8221; text_line_height=&#8221;2em&#8221; link_font=&#8221;||||||||&#8221; ul_font=&#8221;||||||||&#8221; header_font=&#8221;Jost|500|||||||&#8221; header_text_color=&#8221;#778087&#8243; header_line_height=&#8221;2.7em&#8221; header_2_font=&#8221;Jost|500|||||||&#8221; header_2_font_size=&#8221;38px&#8221; header_3_font=&#8221;Jost|500|||||||&#8221; header_3_text_color=&#8221;#BCC3B3&#8243; header_3_font_size=&#8221;45px&#8221; header_3_line_height=&#8221;1.5em&#8221; width=&#8221;100%&#8221; max_width_tablet=&#8221;100%&#8221; max_width_phone=&#8221;100%&#8221; max_width_last_edited=&#8221;off|desktop&#8221; module_alignment=&#8221;center&#8221; custom_margin=&#8221;3px|||6px||&#8221; custom_margin_tablet=&#8221;3px|||6px||&#8221; custom_margin_phone=&#8221;34px||||false|false&#8221; custom_margin_last_edited=&#8221;on|phone&#8221; custom_padding=&#8221;|60px||60px|false|true&#8221; custom_padding_tablet=&#8221;|24px||33px|false|false&#8221; custom_padding_phone=&#8221;|3px||13px|false|false&#8221; custom_padding_last_edited=&#8221;on|tablet&#8221; animation_direction=&#8221;bottom&#8221; text_font_size_tablet=&#8221;20px&#8221; text_font_size_phone=&#8221;18px&#8221; text_font_size_last_edited=&#8221;on|tablet&#8221; text_orientation_tablet=&#8221;left&#8221; text_orientation_phone=&#8221;left&#8221; text_orientation_last_edited=&#8221;on|phone&#8221; inline_fonts=&#8221;Salty Feathers NAGWEK&#8221; global_colors_info=&#8221;{}&#8221; theme_builder_area=&#8221;post_content&#8221;]<\/p>\n<ul>\n<li style=\"font-weight: 400;\" aria-level=\"1\"><span style=\"font-weight: 400;\">Pasja I Profesjonalizm<\/span><\/li>\n<li style=\"font-weight: 400;\" aria-level=\"1\"><span style=\"font-weight: 400;\">Wierni Ambasadorzy<\/span><\/li>\n<li style=\"font-weight: 400;\" aria-level=\"1\"><span style=\"font-weight: 400;\">Modlitwa<\/span><\/li>\n<li style=\"font-weight: 400;\" aria-level=\"1\"><span style=\"font-weight: 400;\">Silna Praca Zespo\u0142owa\u00a0<\/span><\/li>\n<li style=\"font-weight: 400;\" aria-level=\"1\"><span style=\"font-weight: 400;\">Cierpliwo\u015b\u0107 I Pokora<\/span><\/li>\n<li style=\"font-weight: 400;\" aria-level=\"1\"><span style=\"font-weight: 400;\">Kreatywne My\u015blenie I Inicjatywa<\/span><\/li>\n<\/ul>\n<p>[\/et_pb_text][\/et_pb_column][\/et_pb_row][\/et_pb_section][et_pb_section fb_built=&#8221;1&#8243; custom_padding_last_edited=&#8221;on|phone&#8221; next_background_color=&#8221;#000000&#8243; _builder_version=&#8221;4.13.0&#8243; _module_preset=&#8221;default&#8221; background_color=&#8221;#F5F5F0&#8243; custom_margin_tablet=&#8221;&#8221; custom_margin_phone=&#8221;&#8221; custom_margin_last_edited=&#8221;on|desktop&#8221; custom_padding=&#8221;49px||84px||false|false&#8221; custom_padding_tablet=&#8221;49px||84px||false|false&#8221; custom_padding_phone=&#8221;49px||84px||false|false&#8221; bottom_divider_style=&#8221;wave2&#8243; bottom_divider_height_tablet=&#8221;&#8221; bottom_divider_height_phone=&#8221;39px&#8221; bottom_divider_height_last_edited=&#8221;on|tablet&#8221; da_disable_devices=&#8221;off|off|off&#8221; global_colors_info=&#8221;{}&#8221; custom_margin__hover_enabled=&#8221;on|desktop&#8221; theme_builder_area=&#8221;post_content&#8221; min_height=&#8221;354.1px&#8221; da_is_popup=&#8221;off&#8221; da_exit_intent=&#8221;off&#8221; da_has_close=&#8221;on&#8221; da_alt_close=&#8221;off&#8221; da_dark_close=&#8221;off&#8221; da_not_modal=&#8221;on&#8221; da_is_singular=&#8221;off&#8221; da_with_loader=&#8221;off&#8221; da_has_shadow=&#8221;on&#8221;][et_pb_row column_structure=&#8221;1_3,1_3,1_3&#8243; make_equal=&#8221;on&#8221; _builder_version=&#8221;4.14.4&#8243; _module_preset=&#8221;default&#8221; custom_padding=&#8221;||10px|||&#8221; hover_enabled=&#8221;0&#8243; global_colors_info=&#8221;{}&#8221; theme_builder_area=&#8221;post_content&#8221; sticky_enabled=&#8221;0&#8243;][et_pb_column type=&#8221;1_3&#8243; _builder_version=&#8221;4.10.7&#8243; _module_preset=&#8221;default&#8221; global_colors_info=&#8221;{}&#8221; theme_builder_area=&#8221;post_content&#8221;][et_pb_text content_tablet=&#8221;<\/p>\n<p style=%22text-align: center;%22><span style=%22color: #293947;%22><b>Id\u017a do:<\/b><\/span><\/p>\n<p>&#8221; content_phone=&#8221;<\/p>\n<p style=%22text-align: center;%22><span style=%22color: #293947;%22><b>Id\u017a do:<\/b><\/span><\/p>\n<p>&#8221; content_last_edited=&#8221;on|tablet&#8221; _builder_version=&#8221;4.13.0&#8243; text_font=&#8221;Jost &#8211; Light||||||||&#8221; text_text_color=&#8221;#F5F5F0&#8243; text_font_size=&#8221;34px&#8221; text_line_height=&#8221;1.8em&#8221; link_font=&#8221;||||||||&#8221; ul_font=&#8221;||||||||&#8221; header_font=&#8221;Jost|500|||||||&#8221; header_text_color=&#8221;#778087&#8243; header_line_height=&#8221;2.7em&#8221; header_2_font=&#8221;Jost|500|||||||&#8221; header_2_font_size=&#8221;38px&#8221; header_3_font=&#8221;Jost|500|||||||&#8221; header_3_text_color=&#8221;#BCC3B3&#8243; header_3_font_size=&#8221;45px&#8221; header_3_line_height=&#8221;1.5em&#8221; max_width_tablet=&#8221;100%&#8221; max_width_phone=&#8221;100%&#8221; max_width_last_edited=&#8221;off|desktop&#8221; module_alignment=&#8221;right&#8221; min_height=&#8221;60px&#8221; custom_margin=&#8221;3px|||-4px||&#8221; custom_padding=&#8221;33px|14px|0px|4px||&#8221; custom_padding_tablet=&#8221;|||0px&#8221; custom_padding_phone=&#8221;&#8221; custom_padding_last_edited=&#8221;on|tablet&#8221; animation_style=&#8221;fade&#8221; animation_direction=&#8221;bottom&#8221; animation_duration=&#8221;1350ms&#8221; animation_starting_opacity=&#8221;14%&#8221; text_font_size_tablet=&#8221;37px&#8221; text_font_size_phone=&#8221;40px&#8221; text_font_size_last_edited=&#8221;on|phone&#8221; inline_fonts=&#8221;Salty Feathers NAGWEK,Jost&#8221; global_colors_info=&#8221;{}&#8221; theme_builder_area=&#8221;post_content&#8221;]<\/p>\n<p style=\"text-align: center;\"><span style=\"color: #293947;\"><b>Id\u017a do:<\/b><\/span><\/p>\n<p>[\/et_pb_text][\/et_pb_column][et_pb_column type=&#8221;1_3&#8243; _builder_version=&#8221;4.10.7&#8243; _module_preset=&#8221;default&#8221; global_colors_info=&#8221;{}&#8221; theme_builder_area=&#8221;post_content&#8221;][et_pb_button button_url=&#8221;@ET-DC@eyJkeW5hbWljIjp0cnVlLCJjb250ZW50IjoicG9zdF9saW5rX3VybF9wYWdlIiwic2V0dGluZ3MiOnsicG9zdF9pZCI6IjMxMzg5In19@&#8221; button_text=&#8221;Historia&#8221; button_alignment=&#8221;center&#8221; button_text_tablet=&#8221;Odbuduj&#8221; button_text_phone=&#8221;Odbuduj&#8221; button_text_last_edited=&#8221;off|tablet&#8221; button_alignment_tablet=&#8221;&#8221; button_alignment_phone=&#8221;&#8221; button_alignment_last_edited=&#8221;on|phone&#8221; _builder_version=&#8221;4.14.4&#8243; _dynamic_attributes=&#8221;button_url&#8221; _module_preset=&#8221;default&#8221; custom_button=&#8221;on&#8221; button_text_size=&#8221;83px&#8221; button_text_color=&#8221;#9F7A3C&#8221; button_bg_color=&#8221;RGBA(0,0,0,0)&#8221; button_border_width=&#8221;0px&#8221; button_font=&#8221;Salty Feathers NAGWEK||||||||&#8221; button_use_icon=&#8221;off&#8221; custom_padding=&#8221;0px||0px||false|false&#8221; custom_css_main_element=&#8221;text-transform: none !important;||background: #000;&#8221; global_colors_info=&#8221;{}&#8221; button_text_color__hover=&#8221;#778087&#8243; button_text_color__hover_enabled=&#8221;on|hover&#8221; button_letter_spacing__hover=&#8221;7px&#8221; button_letter_spacing__hover_enabled=&#8221;on|hover&#8221; theme_builder_area=&#8221;post_content&#8221;][\/et_pb_button][\/et_pb_column][et_pb_column type=&#8221;1_3&#8243; _builder_version=&#8221;4.10.7&#8243; _module_preset=&#8221;default&#8221; global_colors_info=&#8221;{}&#8221; theme_builder_area=&#8221;post_content&#8221;][et_pb_button button_url=&#8221;@ET-DC@eyJkeW5hbWljIjp0cnVlLCJjb250ZW50IjoicG9zdF9saW5rX3VybF9wYWdlIiwic2V0dGluZ3MiOnsicG9zdF9pZCI6IjMxMDU1In19@&#8221; button_text=&#8221;Zesp\u00f3\u0142&#8221; button_alignment=&#8221;center&#8221; button_text_tablet=&#8221;Obfituj&#8221; button_text_phone=&#8221;Obfituj&#8221; button_text_last_edited=&#8221;on|phone&#8221; button_alignment_tablet=&#8221;&#8221; button_alignment_phone=&#8221;&#8221; button_alignment_last_edited=&#8221;on|phone&#8221; _builder_version=&#8221;4.14.4&#8243; _dynamic_attributes=&#8221;button_url&#8221; _module_preset=&#8221;default&#8221; custom_button=&#8221;on&#8221; button_text_size=&#8221;83px&#8221; button_text_color=&#8221;#9F7A3C&#8221; button_bg_color=&#8221;RGBA(0,0,0,0)&#8221; button_border_width=&#8221;0px&#8221; button_font=&#8221;Salty Feathers NAGWEK||||||||&#8221; button_use_icon=&#8221;off&#8221; custom_padding=&#8221;0px||0px||false|false&#8221; custom_css_main_element=&#8221;text-transform: none !important;||background: #000;&#8221; global_colors_info=&#8221;{}&#8221; button_text_color__hover=&#8221;#778087&#8243; button_text_color__hover_enabled=&#8221;on|hover&#8221; button_letter_spacing__hover=&#8221;7px&#8221; button_letter_spacing__hover_enabled=&#8221;on|hover&#8221; theme_builder_area=&#8221;post_content&#8221;][\/et_pb_button][\/et_pb_column][\/et_pb_row][\/et_pb_section]<\/p>\n","protected":false},"excerpt":{"rendered":"<p>Projekt 29:11 | Warto\u015bci Pasja I Profesjonalizm Wierni Ambasadorzy Modlitwa Silna Praca Zespo\u0142owa\u00a0 Cierpliwo\u015b\u0107 I Pokora Kreatywne My\u015blenie I Inicjatywa Id\u017a do:<\/p>\n","protected":false},"author":3,"featured_media":0,"parent":0,"menu_order":0,"comment_status":"closed","ping_status":"closed","template":"","meta":{"_et_pb_use_builder":"on","_et_pb_old_content":"","_et_gb_content_width":"","footnotes":""},"yoast_head":"<!-- This site is optimized with the Yoast SEO plugin v21.3 - https:\/\/yoast.com\/wordpress\/plugins\/seo\/ -->\n<title>Warto\u015bci - Projekt 29:11<\/title>\n<meta name=\"robots\" content=\"index, follow, max-snippet:-1, max-image-preview:large, max-video-preview:-1\" \/>\n<link rel=\"canonical\" href=\"https:\/\/projekt2911.fala.net.pl\/pl\/wartosci\/\" \/>\n<meta property=\"og:locale\" content=\"pl_PL\" \/>\n<meta property=\"og:type\" content=\"article\" \/>\n<meta property=\"og:title\" content=\"Warto\u015bci - Projekt 29:11\" \/>\n<meta property=\"og:description\" content=\"Projekt 29:11 | Warto\u015bci Pasja I Profesjonalizm Wierni Ambasadorzy Modlitwa Silna Praca Zespo\u0142owa\u00a0 Cierpliwo\u015b\u0107 I Pokora Kreatywne My\u015blenie I Inicjatywa Id\u017a do:\" \/>\n<meta property=\"og:url\" content=\"https:\/\/projekt2911.fala.net.pl\/pl\/wartosci\/\" \/>\n<meta property=\"og:site_name\" content=\"Projekt 29:11\" \/>\n<meta property=\"article:modified_time\" content=\"2021-12-25T22:44:03+00:00\" \/>\n<meta name=\"twitter:card\" content=\"summary_large_image\" \/>\n<script type=\"application\/ld+json\" class=\"yoast-schema-graph\">{\"@context\":\"https:\/\/schema.org\",\"@graph\":[{\"@type\":\"WebPage\",\"@id\":\"https:\/\/projekt2911.fala.net.pl\/pl\/wartosci\/\",\"url\":\"https:\/\/projekt2911.fala.net.pl\/pl\/wartosci\/\",\"name\":\"Warto\u015bci - Projekt 29:11\",\"isPartOf\":{\"@id\":\"https:\/\/projekt2911.fala.net.pl\/pl\/#website\"},\"datePublished\":\"2021-12-25T22:42:52+00:00\",\"dateModified\":\"2021-12-25T22:44:03+00:00\",\"breadcrumb\":{\"@id\":\"https:\/\/projekt2911.fala.net.pl\/pl\/wartosci\/#breadcrumb\"},\"inLanguage\":\"pl-PL\",\"potentialAction\":[{\"@type\":\"ReadAction\",\"target\":[\"https:\/\/projekt2911.fala.net.pl\/pl\/wartosci\/\"]}]},{\"@type\":\"BreadcrumbList\",\"@id\":\"https:\/\/projekt2911.fala.net.pl\/pl\/wartosci\/#breadcrumb\",\"itemListElement\":[{\"@type\":\"ListItem\",\"position\":1,\"name\":\"Home\",\"item\":\"https:\/\/projekt2911.fala.net.pl\/pl\/\"},{\"@type\":\"ListItem\",\"position\":2,\"name\":\"Warto\u015bci\"}]},{\"@type\":\"WebSite\",\"@id\":\"https:\/\/projekt2911.fala.net.pl\/pl\/#website\",\"url\":\"https:\/\/projekt2911.fala.net.pl\/pl\/\",\"name\":\"Projekt 29:11\",\"description\":\"Uzdrawianie zranie\u0144 m\u0142odego pokolenia\",\"potentialAction\":[{\"@type\":\"SearchAction\",\"target\":{\"@type\":\"EntryPoint\",\"urlTemplate\":\"https:\/\/projekt2911.fala.net.pl\/pl\/?s={search_term_string}\"},\"query-input\":\"required name=search_term_string\"}],\"inLanguage\":\"pl-PL\"}]}<\/script>\n<!-- \/ Yoast SEO plugin. -->","yoast_head_json":{"title":"Warto\u015bci - Projekt 29:11","robots":{"index":"index","follow":"follow","max-snippet":"max-snippet:-1","max-image-preview":"max-image-preview:large","max-video-preview":"max-video-preview:-1"},"canonical":"https:\/\/projekt2911.fala.net.pl\/pl\/wartosci\/","og_locale":"pl_PL","og_type":"article","og_title":"Warto\u015bci - Projekt 29:11","og_description":"Projekt 29:11 | Warto\u015bci Pasja I Profesjonalizm Wierni Ambasadorzy Modlitwa Silna Praca Zespo\u0142owa\u00a0 Cierpliwo\u015b\u0107 I Pokora Kreatywne My\u015blenie I Inicjatywa Id\u017a do:","og_url":"https:\/\/projekt2911.fala.net.pl\/pl\/wartosci\/","og_site_name":"Projekt 29:11","article_modified_time":"2021-12-25T22:44:03+00:00","twitter_card":"summary_large_image","schema":{"@context":"https:\/\/schema.org","@graph":[{"@type":"WebPage","@id":"https:\/\/projekt2911.fala.net.pl\/pl\/wartosci\/","url":"https:\/\/projekt2911.fala.net.pl\/pl\/wartosci\/","name":"Warto\u015bci - Projekt 29:11","isPartOf":{"@id":"https:\/\/projekt2911.fala.net.pl\/pl\/#website"},"datePublished":"2021-12-25T22:42:52+00:00","dateModified":"2021-12-25T22:44:03+00:00","breadcrumb":{"@id":"https:\/\/projekt2911.fala.net.pl\/pl\/wartosci\/#breadcrumb"},"inLanguage":"pl-PL","potentialAction":[{"@type":"ReadAction","target":["https:\/\/projekt2911.fala.net.pl\/pl\/wartosci\/"]}]},{"@type":"BreadcrumbList","@id":"https:\/\/projekt2911.fala.net.pl\/pl\/wartosci\/#breadcrumb","itemListElement":[{"@type":"ListItem","position":1,"name":"Home","item":"https:\/\/projekt2911.fala.net.pl\/pl\/"},{"@type":"ListItem","position":2,"name":"Warto\u015bci"}]},{"@type":"WebSite","@id":"https:\/\/projekt2911.fala.net.pl\/pl\/#website","url":"https:\/\/projekt2911.fala.net.pl\/pl\/","name":"Projekt 29:11","description":"Uzdrawianie zranie\u0144 m\u0142odego pokolenia","potentialAction":[{"@type":"SearchAction","target":{"@type":"EntryPoint","urlTemplate":"https:\/\/projekt2911.fala.net.pl\/pl\/?s={search_term_string}"},"query-input":"required name=search_term_string"}],"inLanguage":"pl-PL"}]}},"_links":{"self":[{"href":"https:\/\/projekt2911.fala.net.pl\/pl\/wp-json\/wp\/v2\/pages\/32466"}],"collection":[{"href":"https:\/\/projekt2911.fala.net.pl\/pl\/wp-json\/wp\/v2\/pages"}],"about":[{"href":"https:\/\/projekt2911.fala.net.pl\/pl\/wp-json\/wp\/v2\/types\/page"}],"author":[{"embeddable":true,"href":"https:\/\/projekt2911.fala.net.pl\/pl\/wp-json\/wp\/v2\/users\/3"}],"replies":[{"embeddable":true,"href":"https:\/\/projekt2911.fala.net.pl\/pl\/wp-json\/wp\/v2\/comments?post=32466"}],"version-history":[{"count":4,"href":"https:\/\/projekt2911.fala.net.pl\/pl\/wp-json\/wp\/v2\/pages\/32466\/revisions"}],"predecessor-version":[{"id":32471,"href":"https:\/\/projekt2911.fala.net.pl\/pl\/wp-json\/wp\/v2\/pages\/32466\/revisions\/32471"}],"wp:attachment":[{"href":"https:\/\/projekt2911.fala.net.pl\/pl\/wp-json\/wp\/v2\/media?parent=32466"}],"curies":[{"name":"wp","href":"https:\/\/api.w.org\/{rel}","templated":true}]}}