{"id":32707,"date":"2021-12-26T05:29:30","date_gmt":"2021-12-26T05:29:30","guid":{"rendered":"https:\/\/projekt2911.fala.net.pl\/?page_id=32707"},"modified":"2023-11-25T23:15:32","modified_gmt":"2023-11-25T23:15:32","slug":"relacja-z-jezusem","status":"publish","type":"page","link":"https:\/\/projekt2911.fala.net.pl\/pl\/relacja-z-jezusem\/","title":{"rendered":"Relacja z Jezusem"},"content":{"rendered":"<p>[et_pb_section fb_built=&#8221;1&#8243; admin_label=&#8221;Header&#8221; _builder_version=&#8221;4.14.4&#8243; _module_preset=&#8221;default&#8221; background_color=&#8221;#F5F5F0&#8243; custom_margin=&#8221;0px||||false|false&#8221; custom_padding=&#8221;0px||||false|false&#8221; da_disable_devices=&#8221;off|off|off&#8221; locked=&#8221;off&#8221; global_colors_info=&#8221;{}&#8221; da_is_popup=&#8221;off&#8221; da_exit_intent=&#8221;off&#8221; da_has_close=&#8221;on&#8221; da_alt_close=&#8221;off&#8221; da_dark_close=&#8221;off&#8221; da_not_modal=&#8221;on&#8221; da_is_singular=&#8221;off&#8221; da_with_loader=&#8221;off&#8221; da_has_shadow=&#8221;on&#8221;][et_pb_row _builder_version=&#8221;4.14.4&#8243; _module_preset=&#8221;default&#8221; global_colors_info=&#8221;{}&#8221;][et_pb_column type=&#8221;4_4&#8243; _builder_version=&#8221;4.9.10&#8243; _module_preset=&#8221;default&#8221; global_colors_info=&#8221;{}&#8221;][et_pb_text _builder_version=&#8221;4.14.4&#8243; _module_preset=&#8221;e598b17a-9229-42f6-b238-019d6094332e&#8221; header_font=&#8221;Salty Feathers NAGWEK||||||||&#8221; header_text_color=&#8221;#293947&#8243; header_font_size=&#8221;100px&#8221; header_line_height=&#8221;1.15em&#8221; custom_margin=&#8221;||0px||false|false&#8221; header_font_size_tablet=&#8221;100px&#8221; header_font_size_phone=&#8221;62px&#8221; header_font_size_last_edited=&#8221;on|phone&#8221; locked=&#8221;off&#8221; global_colors_info=&#8221;{}&#8221;]<\/p>\n<h1><span style=\"color: #9f7a3c;\">Jak rozpocz\u0105\u0107 relacj\u0119 z Jezusem<\/span><\/h1>\n<p>[\/et_pb_text][et_pb_text _builder_version=&#8221;4.14.4&#8243; _module_preset=&#8221;default&#8221; text_font=&#8221;Jost &#8211; Light||||||||&#8221; text_text_color=&#8221;#293947&#8243; text_font_size=&#8221;20px&#8221; custom_margin=&#8221;||-6px|||&#8221; global_colors_info=&#8221;{}&#8221;]<\/p>\n<p><span style=\"font-weight: 400;\"><\/span><\/p>\n<p><span style=\"font-weight: 400;\">Wierzymy, \u017ce psychologia jest og\u00f3lnym objawieniem Boga. U\u017cywa jej, aby pom\u00f3c nam zrobi\u0107 pierwszy krok w kierunku uzdrowienia, kt\u00f3rym jest &#8222;\u015bwiadomo\u015b\u0107&#8221;. Sam ten krok nie wystarcza. Wszyscy znamy ludzi, kt\u00f3rzy maj\u0105 wielk\u0105 \u015bwiadomo\u015b\u0107, ale s\u0105 dalecy od do\u015bwiadczania wolno\u015bci w swoim codziennym \u017cyciu.\u00a0<\/span><\/p>\n<p><span style=\"font-weight: 400;\">Rozpocz\u0119cie relacji z Jezusem jest punktem wyj\u015bcia dla naszego drugiego kluczowego elementu uzdrowienia, kt\u00f3ry nazywamy trzymaniem si\u0119 Bo\u017cej r\u0119ki. Jednym z wielu imion Boga jest UZDRAWIAJ\u0104CY, Jahwe Rafa. On jest moc\u0105 g\u0142\u0119boko zaanga\u017cowan\u0105 w uzdrawianie naszych z\u0142amanych serc. On uzdrawia z\u0142amane serca (Psalm 147:3-5). B\u00f3g ma moc uzdrowi\u0107 najbardziej beznadziejnych. Biblia uczy jednak, \u017ce tylko ci, kt\u00f3rzy oddali swoje \u017cycie Jezusowi, maj\u0105 dost\u0119p do tej mocy przez Ducha \u015awi\u0119tego. Jezus do\u015bwiadczy\u0142 tej mocy, kiedy powsta\u0142 z grobu. My r\u00f3wnie\u017c mo\u017cemy do\u015bwiadczy\u0107 tego samego. Moc Bo\u017ca mo\u017ce przywr\u00f3ci\u0107 nas z powrotem do zdrowego emocjonalnie \u017cycia (List do Rzymian 8:11).<\/span><\/p>\n<p><strong>Obejrzyj film, aby dowiedzie\u0107 si\u0119 wi\u0119cej o tym, jak zrobi\u0107 ten krok.<\/strong><\/p>\n<p>&nbsp;<\/p>\n<p>[\/et_pb_text][et_pb_video src=&#8221;https:\/\/projekt2911.fala.net.pl\/wp-content\/uploads\/2023\/11\/3-kola.mp4&#8243; _builder_version=&#8221;4.14.4&#8243; _module_preset=&#8221;default&#8221; width=&#8221;50%&#8221; global_colors_info=&#8221;{}&#8221;][\/et_pb_video][et_pb_text _builder_version=&#8221;4.14.4&#8243; _module_preset=&#8221;default&#8221; text_font=&#8221;Jost &#8211; Light||||||||&#8221; text_text_color=&#8221;#293947&#8243; text_font_size=&#8221;20px&#8221; custom_margin=&#8221;||-6px|||&#8221; global_colors_info=&#8221;{}&#8221;]<\/p>\n<p><span style=\"font-weight: 400;\"><\/span><\/p>\n<p><span style=\"font-weight: 400;\">Masz pytania dotycz\u0105ce tego kroku?<\/span><\/p>\n<p><span style=\"font-weight: 400;\"><\/span><\/p>\n<p>[\/et_pb_text][et_pb_button button_url=&#8221;mailto:projekt2911@fala.net.pl&#8221; url_new_window=&#8221;on&#8221; button_text=&#8221;Napisz do nas&#8221; button_alignment=&#8221;left&#8221; button_alignment_tablet=&#8221;left&#8221; button_alignment_phone=&#8221;left&#8221; button_alignment_last_edited=&#8221;on|tablet&#8221; disabled_on=&#8221;off|off|off&#8221; _builder_version=&#8221;4.14.4&#8243; _module_preset=&#8221;default&#8221; custom_button=&#8221;on&#8221; button_text_size=&#8221;15px&#8221; button_text_color=&#8221;#9F7A3C&#8221; button_bg_color=&#8221;RGBA(0,0,0,0)&#8221; button_border_width=&#8221;0px&#8221; button_border_radius=&#8221;8px&#8221; button_letter_spacing=&#8221;2px&#8221; button_font=&#8221;Jost &#8211; Light|600|||||||&#8221; button_icon=&#8221;&#xe076;||divi||400&#8243; button_icon_placement=&#8221;left&#8221; position_origin_a=&#8221;center_right&#8221; position_origin_a_last_edited=&#8221;off|desktop&#8221; position_origin_f_last_edited=&#8221;off|desktop&#8221; position_origin_r_last_edited=&#8221;off|desktop&#8221; custom_margin=&#8221;-1px|||||&#8221; custom_margin_last_edited=&#8221;off|desktop&#8221; custom_padding=&#8221;9px|2em|9px||true|false&#8221; button_text_size_tablet=&#8221;14px&#8221; button_text_size_phone=&#8221;14px&#8221; button_text_size_last_edited=&#8221;on|phone&#8221; button_border_radius_tablet=&#8221;6px&#8221; button_border_radius_phone=&#8221;4px&#8221; button_border_radius_last_edited=&#8221;on|phone&#8221; positioning_tablet=&#8221;none&#8221; positioning_last_edited=&#8221;off|desktop&#8221; custom_css_main_element=&#8221;text-transform: none !important;&#8221; global_colors_info=&#8221;{}&#8221; button_bg_color__hover=&#8221;RGBA(0,0,0,0)&#8221; button_bg_color__hover_enabled=&#8221;on|hover&#8221; button_bg_enable_color__hover=&#8221;on&#8221; button_letter_spacing__hover_enabled=&#8221;on|hover&#8221; button_letter_spacing__hover=&#8221;4px&#8221; button_text_color__hover_enabled=&#8221;on|desktop&#8221; button_text_color__hover=&#8221;#E9DDC4&#8243; button_icon_color__hover_enabled=&#8221;on|hover&#8221; button_icon_color__hover=&#8221;#E9DDC4&#8243;][\/et_pb_button][\/et_pb_column][\/et_pb_row][\/et_pb_section]<\/p>\n","protected":false},"excerpt":{"rendered":"<p>Jak rozpocz\u0105\u0107 relacj\u0119 z Jezusem Wierzymy, \u017ce psychologia jest og\u00f3lnym objawieniem Boga. U\u017cywa jej, aby pom\u00f3c nam zrobi\u0107 pierwszy krok w kierunku uzdrowienia, kt\u00f3rym jest &#8222;\u015bwiadomo\u015b\u0107&#8221;. Sam ten krok nie [&hellip;]<\/p>\n","protected":false},"author":3,"featured_media":0,"parent":0,"menu_order":0,"comment_status":"closed","ping_status":"closed","template":"","meta":{"_et_pb_use_builder":"on","_et_pb_old_content":"","_et_gb_content_width":"","footnotes":""},"yoast_head":"<!-- This site is optimized with the Yoast SEO plugin v21.3 - https:\/\/yoast.com\/wordpress\/plugins\/seo\/ -->\n<title>Relacja z Jezusem - Projekt 29:11<\/title>\n<meta name=\"robots\" content=\"index, follow, max-snippet:-1, max-image-preview:large, max-video-preview:-1\" \/>\n<link rel=\"canonical\" href=\"https:\/\/projekt2911.fala.net.pl\/pl\/relacja-z-jezusem\/\" \/>\n<meta property=\"og:locale\" content=\"pl_PL\" \/>\n<meta property=\"og:type\" content=\"article\" \/>\n<meta property=\"og:title\" content=\"Relacja z Jezusem - Projekt 29:11\" \/>\n<meta property=\"og:description\" content=\"Jak rozpocz\u0105\u0107 relacj\u0119 z Jezusem Wierzymy, \u017ce psychologia jest og\u00f3lnym objawieniem Boga. U\u017cywa jej, aby pom\u00f3c nam zrobi\u0107 pierwszy krok w kierunku uzdrowienia, kt\u00f3rym jest &quot;\u015bwiadomo\u015b\u0107&quot;. Sam ten krok nie [&hellip;]\" \/>\n<meta property=\"og:url\" content=\"https:\/\/projekt2911.fala.net.pl\/pl\/relacja-z-jezusem\/\" \/>\n<meta property=\"og:site_name\" content=\"Projekt 29:11\" \/>\n<meta property=\"article:modified_time\" content=\"2023-11-25T23:15:32+00:00\" \/>\n<meta name=\"twitter:card\" content=\"summary_large_image\" \/>\n<script type=\"application\/ld+json\" class=\"yoast-schema-graph\">{\"@context\":\"https:\/\/schema.org\",\"@graph\":[{\"@type\":\"WebPage\",\"@id\":\"https:\/\/projekt2911.fala.net.pl\/pl\/relacja-z-jezusem\/\",\"url\":\"https:\/\/projekt2911.fala.net.pl\/pl\/relacja-z-jezusem\/\",\"name\":\"Relacja z Jezusem - Projekt 29:11\",\"isPartOf\":{\"@id\":\"https:\/\/projekt2911.fala.net.pl\/pl\/#website\"},\"datePublished\":\"2021-12-26T05:29:30+00:00\",\"dateModified\":\"2023-11-25T23:15:32+00:00\",\"breadcrumb\":{\"@id\":\"https:\/\/projekt2911.fala.net.pl\/pl\/relacja-z-jezusem\/#breadcrumb\"},\"inLanguage\":\"pl-PL\",\"potentialAction\":[{\"@type\":\"ReadAction\",\"target\":[\"https:\/\/projekt2911.fala.net.pl\/pl\/relacja-z-jezusem\/\"]}]},{\"@type\":\"BreadcrumbList\",\"@id\":\"https:\/\/projekt2911.fala.net.pl\/pl\/relacja-z-jezusem\/#breadcrumb\",\"itemListElement\":[{\"@type\":\"ListItem\",\"position\":1,\"name\":\"Home\",\"item\":\"https:\/\/projekt2911.fala.net.pl\/pl\/\"},{\"@type\":\"ListItem\",\"position\":2,\"name\":\"Relacja z Jezusem\"}]},{\"@type\":\"WebSite\",\"@id\":\"https:\/\/projekt2911.fala.net.pl\/pl\/#website\",\"url\":\"https:\/\/projekt2911.fala.net.pl\/pl\/\",\"name\":\"Projekt 29:11\",\"description\":\"Uzdrawianie zranie\u0144 m\u0142odego pokolenia\",\"potentialAction\":[{\"@type\":\"SearchAction\",\"target\":{\"@type\":\"EntryPoint\",\"urlTemplate\":\"https:\/\/projekt2911.fala.net.pl\/pl\/?s={search_term_string}\"},\"query-input\":\"required name=search_term_string\"}],\"inLanguage\":\"pl-PL\"}]}<\/script>\n<!-- \/ Yoast SEO plugin. -->","yoast_head_json":{"title":"Relacja z Jezusem - Projekt 29:11","robots":{"index":"index","follow":"follow","max-snippet":"max-snippet:-1","max-image-preview":"max-image-preview:large","max-video-preview":"max-video-preview:-1"},"canonical":"https:\/\/projekt2911.fala.net.pl\/pl\/relacja-z-jezusem\/","og_locale":"pl_PL","og_type":"article","og_title":"Relacja z Jezusem - Projekt 29:11","og_description":"Jak rozpocz\u0105\u0107 relacj\u0119 z Jezusem Wierzymy, \u017ce psychologia jest og\u00f3lnym objawieniem Boga. U\u017cywa jej, aby pom\u00f3c nam zrobi\u0107 pierwszy krok w kierunku uzdrowienia, kt\u00f3rym jest \"\u015bwiadomo\u015b\u0107\". Sam ten krok nie [&hellip;]","og_url":"https:\/\/projekt2911.fala.net.pl\/pl\/relacja-z-jezusem\/","og_site_name":"Projekt 29:11","article_modified_time":"2023-11-25T23:15:32+00:00","twitter_card":"summary_large_image","schema":{"@context":"https:\/\/schema.org","@graph":[{"@type":"WebPage","@id":"https:\/\/projekt2911.fala.net.pl\/pl\/relacja-z-jezusem\/","url":"https:\/\/projekt2911.fala.net.pl\/pl\/relacja-z-jezusem\/","name":"Relacja z Jezusem - Projekt 29:11","isPartOf":{"@id":"https:\/\/projekt2911.fala.net.pl\/pl\/#website"},"datePublished":"2021-12-26T05:29:30+00:00","dateModified":"2023-11-25T23:15:32+00:00","breadcrumb":{"@id":"https:\/\/projekt2911.fala.net.pl\/pl\/relacja-z-jezusem\/#breadcrumb"},"inLanguage":"pl-PL","potentialAction":[{"@type":"ReadAction","target":["https:\/\/projekt2911.fala.net.pl\/pl\/relacja-z-jezusem\/"]}]},{"@type":"BreadcrumbList","@id":"https:\/\/projekt2911.fala.net.pl\/pl\/relacja-z-jezusem\/#breadcrumb","itemListElement":[{"@type":"ListItem","position":1,"name":"Home","item":"https:\/\/projekt2911.fala.net.pl\/pl\/"},{"@type":"ListItem","position":2,"name":"Relacja z Jezusem"}]},{"@type":"WebSite","@id":"https:\/\/projekt2911.fala.net.pl\/pl\/#website","url":"https:\/\/projekt2911.fala.net.pl\/pl\/","name":"Projekt 29:11","description":"Uzdrawianie zranie\u0144 m\u0142odego pokolenia","potentialAction":[{"@type":"SearchAction","target":{"@type":"EntryPoint","urlTemplate":"https:\/\/projekt2911.fala.net.pl\/pl\/?s={search_term_string}"},"query-input":"required name=search_term_string"}],"inLanguage":"pl-PL"}]}},"_links":{"self":[{"href":"https:\/\/projekt2911.fala.net.pl\/pl\/wp-json\/wp\/v2\/pages\/32707"}],"collection":[{"href":"https:\/\/projekt2911.fala.net.pl\/pl\/wp-json\/wp\/v2\/pages"}],"about":[{"href":"https:\/\/projekt2911.fala.net.pl\/pl\/wp-json\/wp\/v2\/types\/page"}],"author":[{"embeddable":true,"href":"https:\/\/projekt2911.fala.net.pl\/pl\/wp-json\/wp\/v2\/users\/3"}],"replies":[{"embeddable":true,"href":"https:\/\/projekt2911.fala.net.pl\/pl\/wp-json\/wp\/v2\/comments?post=32707"}],"version-history":[{"count":6,"href":"https:\/\/projekt2911.fala.net.pl\/pl\/wp-json\/wp\/v2\/pages\/32707\/revisions"}],"predecessor-version":[{"id":33031,"href":"https:\/\/projekt2911.fala.net.pl\/pl\/wp-json\/wp\/v2\/pages\/32707\/revisions\/33031"}],"wp:attachment":[{"href":"https:\/\/projekt2911.fala.net.pl\/pl\/wp-json\/wp\/v2\/media?parent=32707"}],"curies":[{"name":"wp","href":"https:\/\/api.w.org\/{rel}","templated":true}]}}